{"id":16,"date":"2020-07-10T15:26:07","date_gmt":"2020-07-10T15:26:07","guid":{"rendered":"https:\/\/irekvist.nu\/wp\/?page_id=16"},"modified":"2022-11-12T13:37:33","modified_gmt":"2022-11-12T12:37:33","slug":"streetsmart-for-kids","status":"publish","type":"page","link":"https:\/\/irekvist.nu\/wp\/?page_id=16","title":{"rendered":"Streetsmart for kids"},"content":{"rendered":"\r\n<figure class=\"wp-block-image size-large\"><img decoding=\"async\" loading=\"lazy\" width=\"1024\" height=\"768\" class=\"wp-image-38\" src=\"https:\/\/irekvist.nu\/wp\/wp-content\/uploads\/2020\/07\/Streetsmart1sida-1024x768.jpg\" alt=\"\" srcset=\"https:\/\/irekvist.nu\/wp\/wp-content\/uploads\/2020\/07\/Streetsmart1sida-1024x768.jpg 1024w, https:\/\/irekvist.nu\/wp\/wp-content\/uploads\/2020\/07\/Streetsmart1sida-300x225.jpg 300w, https:\/\/irekvist.nu\/wp\/wp-content\/uploads\/2020\/07\/Streetsmart1sida-768x576.jpg 768w, https:\/\/irekvist.nu\/wp\/wp-content\/uploads\/2020\/07\/Streetsmart1sida-1536x1152.jpg 1536w, https:\/\/irekvist.nu\/wp\/wp-content\/uploads\/2020\/07\/Streetsmart1sida-2048x1536.jpg 2048w, https:\/\/irekvist.nu\/wp\/wp-content\/uploads\/2020\/07\/Streetsmart1sida-1200x900.jpg 1200w, https:\/\/irekvist.nu\/wp\/wp-content\/uploads\/2020\/07\/Streetsmart1sida-1980x1485.jpg 1980w\" sizes=\"(max-width: 1024px) 100vw, 1024px\" \/><\/figure>\r\n\r\n\r\n\r\n<h4 class=\"has-subtle-background-color has-text-color wp-block-heading\"><strong>K\u00f6p bilderboken<\/strong> och prata med barn om s\u00e4kerhet<\/h4>\r\n\r\n\r\n\r\n<p class=\"has-text-color has-very-dark-gray-color\">En bilderbok f\u00f6r barn att diskutera kring.\u00a0<br \/>F\u00f6rfattare och illustrationer: Ronny Irekvist.<br \/>Pris: 50 kr per styck.<\/p>\r\n\r\n\r\n\r\n<div class=\"wp-block-media-text alignwide is-stacked-on-mobile\" style=\"grid-template-columns: 19% auto;\">\r\n<figure class=\"wp-block-media-text__media\"><img decoding=\"async\" loading=\"lazy\" width=\"291\" height=\"292\" class=\"wp-image-40\" src=\"https:\/\/irekvist.nu\/wp\/wp-content\/uploads\/2020\/07\/QR-1.jpg\" alt=\"\" srcset=\"https:\/\/irekvist.nu\/wp\/wp-content\/uploads\/2020\/07\/QR-1.jpg 291w, https:\/\/irekvist.nu\/wp\/wp-content\/uploads\/2020\/07\/QR-1-150x150.jpg 150w\" sizes=\"(max-width: 291px) 100vw, 291px\" \/><\/figure>\r\n<div class=\"wp-block-media-text__content\">\r\n<p>Kan best\u00e4llas genom att betala 50 kr\/st med Swish till 0768296634. QR-kod till v\u00e4nster kan anv\u00e4ndas. Ange namn och adress i e-post till <a href=\"mailto:ronny@irekvist.nu\">ronny@irekvist.nu<\/a>.<\/p>\r\n<\/div>\r\n<\/div>\r\n\r\n\r\n\r\n<p>&nbsp;<\/p>\r\n\r\n\r\n\r\n<p>&nbsp;<\/p>\r\n<h4 class=\"wp-block-heading\"><a href=\"https:\/\/youtu.be\/8rsgN_oziv8\">Se filmen Streetsmart for kids<\/a><\/h4>\r\n\r\n\r\n\r\n<figure class=\"wp-block-embed-youtube wp-block-embed is-type-video is-provider-youtube wp-embed-aspect-16-9 wp-has-aspect-ratio\">\r\n<div class=\"wp-block-embed__wrapper\">https:\/\/youtu.be\/8rsgN_oziv8<\/div>\r\n<\/figure>\r\n","protected":false},"excerpt":{"rendered":"<p>K\u00f6p bilderboken och prata med barn om s\u00e4kerhet En bilderbok f\u00f6r barn att diskutera kring.\u00a0F\u00f6rfattare och illustrationer: Ronny Irekvist.Pris: 50 kr per styck. Kan best\u00e4llas genom att betala 50 kr\/st med Swish till 0768296634. QR-kod till v\u00e4nster kan anv\u00e4ndas. Ange namn och adress i e-post till ronny@irekvist.nu. &nbsp; &nbsp; Se filmen Streetsmart for kids<\/p>\n","protected":false},"author":1,"featured_media":0,"parent":0,"menu_order":0,"comment_status":"closed","ping_status":"closed","template":"","meta":[],"_links":{"self":[{"href":"https:\/\/irekvist.nu\/wp\/index.php?rest_route=\/wp\/v2\/pages\/16"}],"collection":[{"href":"https:\/\/irekvist.nu\/wp\/index.php?rest_route=\/wp\/v2\/pages"}],"about":[{"href":"https:\/\/irekvist.nu\/wp\/index.php?rest_route=\/wp\/v2\/types\/page"}],"author":[{"embeddable":true,"href":"https:\/\/irekvist.nu\/wp\/index.php?rest_route=\/wp\/v2\/users\/1"}],"replies":[{"embeddable":true,"href":"https:\/\/irekvist.nu\/wp\/index.php?rest_route=%2Fwp%2Fv2%2Fcomments&post=16"}],"version-history":[{"count":17,"href":"https:\/\/irekvist.nu\/wp\/index.php?rest_route=\/wp\/v2\/pages\/16\/revisions"}],"predecessor-version":[{"id":226,"href":"https:\/\/irekvist.nu\/wp\/index.php?rest_route=\/wp\/v2\/pages\/16\/revisions\/226"}],"wp:attachment":[{"href":"https:\/\/irekvist.nu\/wp\/index.php?rest_route=%2Fwp%2Fv2%2Fmedia&parent=16"}],"curies":[{"name":"wp","href":"https:\/\/api.w.org\/{rel}","templated":true}]}}