{"id":15,"date":"2020-07-10T15:26:07","date_gmt":"2020-07-10T15:26:07","guid":{"rendered":"https:\/\/irekvist.nu\/wp\/?page_id=15"},"modified":"2020-08-26T09:04:19","modified_gmt":"2020-08-26T07:04:19","slug":"trygghet-och-sakerhet","status":"publish","type":"page","link":"https:\/\/irekvist.nu\/wp\/?page_id=15","title":{"rendered":"Trygghet och s\u00e4kerhet"},"content":{"rendered":"\n<p class=\"has-very-dark-gray-color has-text-color\">F\u00f6rutom utbildningen i&nbsp;<em>Servicebem\u00f6tande mot hot och v\u00e5ld<\/em>&nbsp;kan jag bist\u00e5 med f\u00f6ljande:<\/p>\n\n\n\n<h4 class=\"wp-block-heading\"><strong>Riskanalys och \u00e5tg\u00e4rdsprogram<\/strong><\/h4>\n\n\n\n<p class=\"has-very-dark-gray-color has-text-color\">Jag kan utf\u00f6ra konsultinsatser, workshops och utbildning f\u00f6r riskanalyser, \u00e5tg\u00e4rdsprogram och handlingsprogram.<\/p>\n\n\n\n<p class=\"has-very-dark-gray-color has-text-color\">Priset \u00e4r f\u00f6r en heldag med riskanalysen \u00e4r 12 000 kr. Tillkommer kostnad f\u00f6r resa Varberg \u2013 utbildningsorten t. o. r och logi natt till dagen. Moms tillkommer.<\/p>\n\n\n\n<h4 class=\"wp-block-heading\"><strong>\u00d6vning<\/strong><\/h4>\n\n\n\n<p class=\"has-very-dark-gray-color has-text-color\">Till\u00e4mpad \u00f6vning i reell milj\u00f6. Utifr\u00e5n ett realistiskt scenario f\u00f6r arbetsplatsen agerar en eller flera figuranter, s\u00e5 att personalen kan \u00f6va p\u00e5 en h\u00e4ndelse utifr\u00e5n arbetsplatsens handlingsprogram. \u00d6vning b\u00f6r genomf\u00f6ras minst en g\u00e5ng per \u00e5r.<\/p>\n\n\n\n<p class=\"has-very-dark-gray-color has-text-color\">Priset \u00e4r 6 000 kr per halvdag. Tillkommer kostnad f\u00f6r resa Varberg \u2013 er ort t. o. r och logi natt till dagen. Moms tillkommer.<\/p>\n\n\n\n<h4 class=\"wp-block-heading\"><strong>Lokalutformning<\/strong><\/h4>\n\n\n\n<p class=\"has-very-dark-gray-color has-text-color\">Jag utf\u00f6r konsultinsatser f\u00f6r lokalutformning d\u00e4r vi inventerar lokalerna, riskanalys,&nbsp;anpassar skyddsniv\u00e5 och ger&nbsp;f\u00f6rslag till lokalutformning och \u00e5tg\u00e4rder.<\/p>\n\n\n\n<p class=\"has-very-dark-gray-color has-text-color\">Priset \u00e4r 6 000 kr per halvdag. Tillkommer kostnad f\u00f6r resa Varberg \u2013 er ort t. o. r och logi natt till dagen. Moms tillkommer.<\/p>\n\n\n\n<h4 class=\"wp-block-heading\"><strong>Utbildning i n\u00f6dv\u00e4rnstekniker\/sj\u00e4lvskydd\/sj\u00e4lvf\u00f6rsvar<\/strong><\/h4>\n\n\n\n<p class=\"has-very-dark-gray-color has-text-color\">Tr\u00e4ning i tekniker som skydd mot de vanligaste attackerna utan att trappa upp v\u00e5ldet.&nbsp;Teknikerna \u00e4r utformade f\u00f6r att passa kommunenernas uppdrag och etik.&nbsp;Utbildningen bedrivs i ordinarie lokaler eller i andra hand i n\u00e4ra anslutning till dessa f\u00f6r att det skall vara tillst\u00e5ndsbunden inl\u00e4rning.<\/p>\n\n\n\n<p class=\"has-very-dark-gray-color has-text-color\">Priset \u00e4r f\u00f6r utbildningen \u00e4r 6 000 kr. Tillkommer kostnad f\u00f6r resa Varberg \u2013 utbildningsorten t. o. r och logi natt till utbildningsdag. Moms tillkommer.<\/p>\n\n\n\n<figure class=\"wp-block-image size-large\"><img decoding=\"async\" loading=\"lazy\" width=\"1024\" height=\"723\" src=\"https:\/\/irekvist.nu\/wp\/wp-content\/uploads\/2020\/08\/Kompis-web-1024x723.jpg\" alt=\"\" class=\"wp-image-203\" srcset=\"https:\/\/irekvist.nu\/wp\/wp-content\/uploads\/2020\/08\/Kompis-web-1024x723.jpg 1024w, https:\/\/irekvist.nu\/wp\/wp-content\/uploads\/2020\/08\/Kompis-web-300x212.jpg 300w, https:\/\/irekvist.nu\/wp\/wp-content\/uploads\/2020\/08\/Kompis-web-768x542.jpg 768w, https:\/\/irekvist.nu\/wp\/wp-content\/uploads\/2020\/08\/Kompis-web-1536x1085.jpg 1536w, https:\/\/irekvist.nu\/wp\/wp-content\/uploads\/2020\/08\/Kompis-web-2048x1447.jpg 2048w, https:\/\/irekvist.nu\/wp\/wp-content\/uploads\/2020\/08\/Kompis-web-400x283.jpg 400w\" sizes=\"(max-width: 1024px) 100vw, 1024px\" \/><\/figure>\n","protected":false},"excerpt":{"rendered":"<p>F\u00f6rutom utbildningen i&nbsp;Servicebem\u00f6tande mot hot och v\u00e5ld&nbsp;kan jag bist\u00e5 med f\u00f6ljande: Riskanalys och \u00e5tg\u00e4rdsprogram Jag kan utf\u00f6ra konsultinsatser, workshops och utbildning f\u00f6r riskanalyser, \u00e5tg\u00e4rdsprogram och handlingsprogram. Priset \u00e4r f\u00f6r en heldag med riskanalysen \u00e4r 12 000 kr. Tillkommer kostnad f\u00f6r resa Varberg \u2013 utbildningsorten t. o. r och logi natt till dagen. Moms tillkommer. \u00d6vning [&hellip;]<\/p>\n","protected":false},"author":1,"featured_media":0,"parent":0,"menu_order":0,"comment_status":"closed","ping_status":"closed","template":"","meta":[],"_links":{"self":[{"href":"https:\/\/irekvist.nu\/wp\/index.php?rest_route=\/wp\/v2\/pages\/15"}],"collection":[{"href":"https:\/\/irekvist.nu\/wp\/index.php?rest_route=\/wp\/v2\/pages"}],"about":[{"href":"https:\/\/irekvist.nu\/wp\/index.php?rest_route=\/wp\/v2\/types\/page"}],"author":[{"embeddable":true,"href":"https:\/\/irekvist.nu\/wp\/index.php?rest_route=\/wp\/v2\/users\/1"}],"replies":[{"embeddable":true,"href":"https:\/\/irekvist.nu\/wp\/index.php?rest_route=%2Fwp%2Fv2%2Fcomments&post=15"}],"version-history":[{"count":15,"href":"https:\/\/irekvist.nu\/wp\/index.php?rest_route=\/wp\/v2\/pages\/15\/revisions"}],"predecessor-version":[{"id":204,"href":"https:\/\/irekvist.nu\/wp\/index.php?rest_route=\/wp\/v2\/pages\/15\/revisions\/204"}],"wp:attachment":[{"href":"https:\/\/irekvist.nu\/wp\/index.php?rest_route=%2Fwp%2Fv2%2Fmedia&parent=15"}],"curies":[{"name":"wp","href":"https:\/\/api.w.org\/{rel}","templated":true}]}}