{"id":14,"date":"2020-07-10T15:26:07","date_gmt":"2020-07-10T15:26:07","guid":{"rendered":"https:\/\/irekvist.nu\/wp\/?page_id=14"},"modified":"2025-10-27T16:05:43","modified_gmt":"2025-10-27T15:05:43","slug":"referenser","status":"publish","type":"page","link":"https:\/\/irekvist.nu\/wp\/?page_id=14","title":{"rendered":"Referenser"},"content":{"rendered":"\r\n<h4 class=\"wp-block-heading\">Arbetsmarknadsverksamhet<\/h4>\r\n\r\n\r\n\r\n<p class=\"has-very-dark-gray-color has-text-color\"><mark class=\"has-inline-color has-subtle-background-color\" style=\"background-color: rgba(0, 0, 0, 0);\">Br\u00e4cke kommun. Essunga kommun. Filipstads kommun. Lindesbergs kommun. Lule\u00e5 kommun. Trollh\u00e4ttans Stad. V\u00e4nersborgs kommun. \u00c5m\u00e5ls kommun. \u00d6cker\u00f6 kommun.<\/mark><\/p>\r\n\r\n\r\n\r\n<h4 class=\"wp-block-heading\"><strong>F\u00f6rskola, grundskola, gymnasieskola, folkh\u00f6gskola, vuxenutbildning och h\u00f6gskola<\/strong><\/h4>\r\n\r\n\r\n\r\n<p class=\"has-very-dark-gray-color has-text-color\"><mark class=\"has-inline-color has-subtle-background-color\" style=\"background-color: rgba(0, 0, 0, 0);\">Asphagens f\u00f6rskola. Essunga kommun. Freinetskolan Hugin. F\u00e4rgelanda kommun. Hallsbergs kommun. H\u00f6gskolan V\u00e4st. Kattegattgymnasiet, Halmstad. Klaragymnasiet, Link\u00f6ping. Kristinegymnasiet, Falu kommun. Kunskapsf\u00f6rbundet V\u00e4st. Lindesbergs kommun. Mullsj\u00f6 folkh\u00f6gskola. Studentk\u00e5ren H\u00f6gskolan V\u00e4st. S\u00e4byholms Montessoriskola. Lule\u00e5 kommun. L\u00e4rlingsgymnasiet. Tran\u00e5s kommun. Trollh\u00e4ttans Stad. Tyres\u00f6 kommun. Vara kommun. V\u00e4nersborgs kommun. V\u00e4rnamo kommun. \u00d6cker\u00f6 kommun.<\/mark><\/p>\r\n<blockquote>\r\n<div><em>&#8221;Stort tack f\u00f6r en intressant dag! M\u00e5nga bra tankar som lyftes och s\u00e5\u00e5 viktigt att man har en viss typ av f\u00f6rberedelse!\u00a0<\/em><\/div>\r\n<div>\u00a0<\/div>\r\n<div><em>L\u00e4rarna var ju ocks\u00e5 v\u00e4ldigt intresserade, en bra grund att utg\u00e5 ifr\u00e5n!&#8221;<br \/><br \/><\/em><\/div>\r\n<div>S\u00e5 tack fr\u00e5n oss p\u00e5 AMB \u2b50\ufe0f\u2b50\ufe0f\u2b50\ufe0f<\/div>\r\n<\/blockquote>\r\n\r\n\r\n\r\n<h4 class=\"wp-block-heading\"><strong>HVB, flyktingmottagning och familjehem<\/strong><\/h4>\r\n\r\n\r\n\r\n<p class=\"has-very-dark-gray-color has-text-color\"><mark class=\"has-inline-color has-subtle-background-color\" style=\"background-color: rgba(0, 0, 0, 0);\">Allomsorg St\u00f6d &amp; Resurs. Areso v\u00e5rd och omsorg, Smultronbacken HVB. Arvika kommun. Balans Behandling AB familjehemsv\u00e5rd. Brovalvet AB. Br\u00e4cke kommun. Duveholmsgruppen AB. Eda kommun. Forshaga kommun. F\u00e4rgelanda kommun. Gl\u00e4ntan AB \u2013 Villa Fredriksborg. Gr\u00e4storps kommun. K\u00e5llebo Rehab och familjehem AB. Landskrona kommun. Ljusdals kommun. Munkfors kommun. Norbergs kommun. Plattform V\u00e4rmland, Ensamkommande barn. Rubinens motivationshem. Upplands-Bro kommun. V\u00e4nersborgs kommun. \u00c5rj\u00e4ngs kommun.<\/mark><\/p>\r\n\r\n\r\n\r\n<h4 class=\"wp-block-heading\"><strong>Individ- och familjeomsorg<\/strong><\/h4>\r\n\r\n\r\n\r\n<p class=\"has-very-dark-gray-color has-text-color\"><mark class=\"has-inline-color has-subtle-background-color\" style=\"background-color: rgba(0, 0, 0, 0);\">Ale kommun. Alings\u00e5s kommun. Angered SDN G\u00f6teborg. Arvika kommun. Askersunds kommun. Bengtsfors kommun. Bor\u00e5s Stad. Brom\u00f6lla kommun. Br\u00e4cke kommun. B\u00e5stads kommun. Danderyds kommun. Eda kommun. Eksj\u00f6 kommun. Esl\u00f6vs kommun. Essunga kommun. Fagersta kommun. Falk\u00f6pings kommun. Filipstads kommun. Finsp\u00e5ngs kommun. F\u00e4rgelanda kommun. Gislaveds kommun. Gr\u00e4storps kommun. G\u00f6teborgs Stad. G\u00f6tene kommun. Hallsbergs kommun. Herrljunga kommun. Helsingsborgs Stad. Hjo kommun. Hultsfreds kommun. H\u00e5bo kommun. H\u00e4rryda kommun. H\u00e4ssleholms kommun. H\u00f6gsby Kommun. H\u00f6\u00f6rs kommun. Kommunalf\u00f6rbundet Fyrbodal. Kommunf\u00f6rbundet G\u00e4vleborg. Kristinehamns kommun. Kung\u00e4lvs kommun. K\u00e4vlinge kommun. Liding\u00f6 Stad. Lidk\u00f6pings kommun. Lilla Edets kommun. Lindesbergs kommun. Ljusdals kommun. Lule\u00e5 kommun. Lysekils kommun. Malm\u00f6 Stad. Mariestads kommun. Melleruds kommun. M\u00f6nster\u00e5s kommun. M\u00f6lndals Stad. Norbergs kommun. Orust kommun. Osby kommun. Regionf\u00f6rbundet J\u00f6nk\u00f6pings l\u00e4n. Regionf\u00f6rbundet i Kalmar l\u00e4n. Regionf\u00f6rbundet S\u00f6dra Sm\u00e5land. Sj\u00f6bo kommun. Sk\u00f6vde kommun. Skara kommun. Staffanstorp kommun. Stockholms Stad, \u00d6stermalms stadsdelsf\u00f6rvaltning. Storfors kommun. Str\u00f6mstads kommun. Surahammars kommun. Sval\u00f6v kommun. Svedala kommun. S\u00e4ffle kommun. Tanums kommun. Tibro kommun. Tidaholms kommun. Timr\u00e5 kommun. Trollh\u00e4ttans Stad. T\u00e4by kommun. Uddevalla kommun. Uddevalla sjukhus, specialisttandv\u00e5rden Vara kommun. V\u00e5rg\u00e5rda kommun. V\u00e4nersborgs kommun. V\u00e4rnamo kommun. \u00c5m\u00e5ls kommun. \u00a0\u00c5rj\u00e4ngs kommun. \u00c4lvkarleby kommun. \u00d6cker\u00f6 kommun. \u00d6stra G\u00f6inge kommun.<\/mark><\/p>\r\n<blockquote>\r\n<p>&#8221;<em>Stort tack f\u00f6r en bra och t\u00e4nkv\u00e4rd f\u00f6rel\u00e4sning ig\u00e5r. Jag har med mig mycket sedan tidigare arbeten men detta gav inspiration om hur jag kan ta vidare arbetet p\u00e5 min enhet.<\/em>&#8221;<\/p>\r\n<\/blockquote>\r\n\r\n\r\n\r\n<h4 class=\"wp-block-heading\"><strong>Kultur och fritid<\/strong><\/h4>\r\n\r\n\r\n\r\n<p class=\"has-very-dark-gray-color has-text-color\"><mark class=\"has-inline-color has-subtle-background-color\" style=\"background-color: rgba(0, 0, 0, 0);\">Filipstads kommun. F\u00e4rgelanda kommun. <mark class=\"has-inline-color has-subtle-background-color\" style=\"background-color: rgba(0, 0, 0, 0);\">H\u00e5bo kommun. <\/mark>Kungsbacka kommun. Liding\u00f6 Stad. Lindesbergs kommun. Ljusdals kommun. Lysekils kommun. Norrt\u00e4lje kommun. Sundsvalls kommun. Tanums kommun. Trollh\u00e4ttans Stad. Varbergs kommun. V\u00e4nersborgs kommun. V\u00e4rnamo kommun. \u00d6cker\u00f6 kommun.<\/mark><\/p>\r\n\r\n\r\n\r\n<h4 class=\"wp-block-heading\"><strong>Kyrka och kloster<\/strong><\/h4>\r\n\r\n\r\n\r\n<p class=\"has-very-dark-gray-color has-text-color\"><mark class=\"has-inline-color has-subtle-background-color\" style=\"background-color: rgba(0, 0, 0, 0);\">G\u00f6teborgs Kyrkof\u00f6rvaltning. Hagfors Pastorat. V\u00e4xj\u00f6 Stift. YogaKloster.<\/mark><\/p>\r\n\r\n\r\n\r\n<h4 class=\"wp-block-heading\"><strong>Milj\u00f6 och h\u00e4lsa, tekniska f\u00f6rvaltningar<\/strong><\/h4>\r\n\r\n\r\n\r\n<p class=\"has-very-dark-gray-color has-text-color\"><mark class=\"has-inline-color has-subtle-background-color\" style=\"background-color: rgba(0, 0, 0, 0);\">Br\u00e4cke kommun. Essunga kommun. Filipstads kommun. Lindesbergs kommun. Lule\u00e5 kommun. Melleruds kommun. Regionf\u00f6rbundet J\u00f6nk\u00f6pings l\u00e4n. Tanums kommun. Kommunf\u00f6rbundet Sk\u00e5ne. Mariestads kommun. Munkedals kommun. V\u00e5rg\u00e5rda kommun. V\u00e4nersborgs kommun. V\u00e4rnamo kommun. \u00d6cker\u00f6 kommun.<\/mark><\/p>\r\n\r\n\r\n\r\n<h4 class=\"wp-block-heading\"><strong>V\u00e5rd \u2013 omsorg \u2013 funktionshinder<\/strong><\/h4>\r\n\r\n\r\n\r\n<p class=\"has-very-dark-gray-color has-text-color\"><mark class=\"has-inline-color has-subtle-background-color\" style=\"background-color: rgba(0, 0, 0, 0);\">Ale kommun. Alings\u00e5s kommun. Alings\u00e5s Lasarett. Br\u00e4cke kommun. Centrum f\u00f6r Specialisttandv\u00e5rd, Uddevalla sjukhus. Eda kommun. Esl\u00f6vs kommun. Filipstads kommun. F\u00e4rgelanda kommun. Gislaveds kommun. Gr\u00e4storps kommun. G\u00f6tene kommun. Halmstad kommun. Hultsfreds kommun. Karlskrona kommun. Kommunalf\u00f6rbundet Fyrbodal. Kommunf\u00f6rbundet Sk\u00e5ne. Lidk\u00f6pings kommun. Lindesbergs kommun. Lule\u00e5 kommun. Lysekils kommun. Mariestads kommun. Norbergs kommun. Orust kommun. Region Halland. Regionf\u00f6rbundet J\u00f6nk\u00f6pings l\u00e4n. Regionf\u00f6rbundet i Kalmar l\u00e4n. Region Sk\u00e5ne. R\u00e4ttspsykiatri V\u00e4nersborg. Sk\u00f6vde kommun. Storfors kommun. Surahammars kommun. Timr\u00e5 kommun. Uddevalla kommun. V\u00e4nersborgs kommun. V\u00e4rnamo kommun. \u00c5rj\u00e4ngs kommun. \u00c4lvkarleby kommun. \u00d6cker\u00f6 kommun. \u00d6stra G\u00f6inge kommun.<\/mark><\/p>\r\n\r\n\r\n\r\n<h4 class=\"wp-block-heading\"><strong>Lokalutformning<\/strong><\/h4>\r\n\r\n\r\n\r\n<p class=\"has-very-dark-gray-color has-text-color\"><mark class=\"has-inline-color has-subtle-background-color\" style=\"background-color: rgba(0, 0, 0, 0);\">Alings\u00e5s kommun. Gr\u00e4storps kommun. Hagfors Pastorat. Osby kommun. Staffanstorps kommun. Skara kommun. V\u00e4nersborgs kommun. \u00c5rj\u00e4ngs kommun. \u00c4lvkarleby kommun.<\/mark><\/p>\r\n\r\n\r\n\r\n<h4 class=\"wp-block-heading\"><strong>F\u00f6rtroendevalda politiker och fackf\u00f6reningar<\/strong><\/h4>\r\n\r\n\r\n\r\n<p class=\"has-very-dark-gray-color has-text-color\"><mark class=\"has-inline-color has-subtle-background-color\" style=\"background-color: rgba(0, 0, 0, 0);\">Degerfors kommun. Essunga kommun. SACO, Malm\u00f6 Stad. V\u00e4nersborgs kommun. Vision M\u00f6lndal. Vision S\u00f6dra omr\u00e5det. Vision, Varberg. \u00d6cker\u00f6 kommun.<\/mark><\/p>\r\n\r\n\r\n\r\n<h4 class=\"wp-block-heading\"><strong>Riskanalys och handlingsprogram<\/strong><\/h4>\r\n\r\n\r\n\r\n<p class=\"has-very-dark-gray-color has-text-color\"><mark class=\"has-inline-color has-subtle-background-color\" style=\"background-color: rgba(0, 0, 0, 0);\">Allomsorgs St\u00f6d &amp; Resurs. Askersunds kommun. Br\u00e4cke kommun. Gr\u00e4storps kommun. Hallsbergs kommun. H\u00f6gskolan V\u00e4st. Lekebergs kommun. Lindesbergs kommun. L\u00e4rlingsgymnasiet. Nerikes R\u00e4ddningstj\u00e4nst. Plattform V\u00e4rmland, Ensamkommande barn. Tanums kommun. V\u00e4nersborgs kommun.<\/mark><\/p>\r\n\r\n\r\n\r\n<h4 class=\"wp-block-heading\"><strong>N\u00f6dv\u00e4rnstekniker\/sj\u00e4lvskydd\/sj\u00e4lvf\u00f6rsvar<\/strong><\/h4>\r\n\r\n\r\n\r\n<blockquote>\r\n<p>&#8221;<em>Vill bara skicka v\u00e5rt varmaste tack f\u00f6r g\u00e5rdagens \u00f6vningar. S\u00e5 v\u00e4rdefullt det var, s\u00e5 bra du genomf\u00f6rde hela dagen i tr\u00e5nga lokaler. Du har gjort stor skillnad f\u00f6r oss i v\u00e5rt utmanande arbete<\/em>.&#8221;<\/p>\r\n<p style=\"font-weight: 400;\">H\u00e4lsningar<br \/>Team Pers ass &amp; boende<\/p>\r\n<\/blockquote>\r\n<p class=\"has-very-dark-gray-color has-text-color\"><mark class=\"has-inline-color has-subtle-background-color\" style=\"background-color: rgba(0, 0, 0, 0);\">Filipstads kommun. Gr\u00e4storps kommun. Lule\u00e5 kommun. Sk\u00f6vde kommun. Trollh\u00e4ttans Stad. Vara kommun. V\u00e4nersborgs kommun. \u00c4lvkarleby kommun. \u00d6cker\u00f6 kommun.<\/mark><\/p>\r\n\r\n\r\n\r\n<figure class=\"wp-block-image size-large\"><img decoding=\"async\" loading=\"lazy\" width=\"605\" height=\"624\" class=\"wp-image-163\" src=\"https:\/\/irekvist.nu\/wp\/wp-content\/uploads\/2020\/07\/IMG_2472_2.jpg\" alt=\"\" srcset=\"https:\/\/irekvist.nu\/wp\/wp-content\/uploads\/2020\/07\/IMG_2472_2.jpg 605w, https:\/\/irekvist.nu\/wp\/wp-content\/uploads\/2020\/07\/IMG_2472_2-291x300.jpg 291w\" sizes=\"(max-width: 605px) 100vw, 605px\" \/><\/figure>\r\n","protected":false},"excerpt":{"rendered":"<p>Arbetsmarknadsverksamhet Br\u00e4cke kommun. Essunga kommun. Filipstads kommun. Lindesbergs kommun. Lule\u00e5 kommun. Trollh\u00e4ttans Stad. V\u00e4nersborgs kommun. \u00c5m\u00e5ls kommun. \u00d6cker\u00f6 kommun. F\u00f6rskola, grundskola, gymnasieskola, folkh\u00f6gskola, vuxenutbildning och h\u00f6gskola Asphagens f\u00f6rskola. Essunga kommun. Freinetskolan Hugin. F\u00e4rgelanda kommun. Hallsbergs kommun. H\u00f6gskolan V\u00e4st. Kattegattgymnasiet, Halmstad. Klaragymnasiet, Link\u00f6ping. Kristinegymnasiet, Falu kommun. Kunskapsf\u00f6rbundet V\u00e4st. Lindesbergs kommun. Mullsj\u00f6 folkh\u00f6gskola. Studentk\u00e5ren H\u00f6gskolan V\u00e4st. S\u00e4byholms [&hellip;]<\/p>\n","protected":false},"author":1,"featured_media":0,"parent":0,"menu_order":0,"comment_status":"closed","ping_status":"closed","template":"","meta":[],"_links":{"self":[{"href":"https:\/\/irekvist.nu\/wp\/index.php?rest_route=\/wp\/v2\/pages\/14"}],"collection":[{"href":"https:\/\/irekvist.nu\/wp\/index.php?rest_route=\/wp\/v2\/pages"}],"about":[{"href":"https:\/\/irekvist.nu\/wp\/index.php?rest_route=\/wp\/v2\/types\/page"}],"author":[{"embeddable":true,"href":"https:\/\/irekvist.nu\/wp\/index.php?rest_route=\/wp\/v2\/users\/1"}],"replies":[{"embeddable":true,"href":"https:\/\/irekvist.nu\/wp\/index.php?rest_route=%2Fwp%2Fv2%2Fcomments&post=14"}],"version-history":[{"count":26,"href":"https:\/\/irekvist.nu\/wp\/index.php?rest_route=\/wp\/v2\/pages\/14\/revisions"}],"predecessor-version":[{"id":264,"href":"https:\/\/irekvist.nu\/wp\/index.php?rest_route=\/wp\/v2\/pages\/14\/revisions\/264"}],"wp:attachment":[{"href":"https:\/\/irekvist.nu\/wp\/index.php?rest_route=%2Fwp%2Fv2%2Fmedia&parent=14"}],"curies":[{"name":"wp","href":"https:\/\/api.w.org\/{rel}","templated":true}]}}