{"id":13,"date":"2020-07-10T15:26:07","date_gmt":"2020-07-10T15:26:07","guid":{"rendered":"https:\/\/irekvist.nu\/wp\/?page_id=13"},"modified":"2025-01-02T13:37:30","modified_gmt":"2025-01-02T12:37:30","slug":"utbildning-i-servicebemotande-mot-hot-och-vald","status":"publish","type":"page","link":"https:\/\/irekvist.nu\/wp\/?page_id=13","title":{"rendered":"Utbildning i Servicebem\u00f6tande mot hot och v\u00e5ld"},"content":{"rendered":"\r\n<p class=\"has-very-dark-gray-color has-text-color\"><strong>Detta \u00e4r utbildningen d\u00e4r bra bem\u00f6tande och s\u00e4kerhet m\u00f6ts. Utbildningen \u00e4r m\u00e5lgruppsanpassad och har getts f\u00f6r arbetsmarknadsverksamhet, grundskola, gymnasieskola, hem f\u00f6r v\u00e5rd eller boende, flyktingmottagande, individ- och familjeomsorg, kultur- och fritid, kyrklig verksamhet, omsorger om funktionshindrade, milj\u00f6- och h\u00e4lsa, politiker, tekniska f\u00f6rvaltningar, vuxenutbildning, v\u00e5rd och omsorg.<\/strong><\/p>\r\n\r\n\r\n\r\n<h4 class=\"wp-block-heading\"><strong>Inneh\u00e5ll f\u00f6r en heldag<\/strong><\/h4>\r\n\r\n\r\n\r\n<ul>\r\n<li><mark class=\"has-inline-color has-very-dark-gray-color\" style=\"background-color: rgba(0, 0, 0, 0);\">\u00c5tg\u00e4rder f\u00f6re v\u00e5ld och hot. Arbetsmilj\u00f6lag, Arbetarskyddsstyrelsens f\u00f6reskrifter mot v\u00e5ld och hot. Riskprofilering, v\u00e4rdehantering, informationsutbyte. Aggressioner och v\u00e5ldet. Bemanning, arbetsbelastning och arbetsledning. Lugn milj\u00f6, s\u00e4ker milj\u00f6, samband, retr\u00e4ttv\u00e4gar, skalskydd, hembes\u00f6k, larm.<\/mark><\/li>\r\n<li><mark class=\"has-inline-color has-very-dark-gray-color\" style=\"background-color: rgba(0, 0, 0, 0);\">\u00d6verfallskurvan \u2013 olika ageranden under olika faser.\u00a0Konflikthantering och ickeverbal kommunikation under v\u00e5ld och hot. Tekniktr\u00e4ning i verbalt bem\u00f6tande. Kroppsspr\u00e5k, utg\u00e5ngsst\u00e4llning, roll, r\u00e4dsla och varningssignaler. Konflikthantering, bem\u00f6tandet och lyssnandet, k\u00e4nslorna, transaktionsanalys, strategi, kollektivt agerande n\u00e4r larmet g\u00e5r och grupphantering.\u00a0<\/mark><\/li>\r\n<li>P\u00e5g\u00e5ende d\u00f6dligt v\u00e5ld. Skolattacker.<\/li>\r\n<li><mark class=\"has-inline-color has-very-dark-gray-color\" style=\"background-color: rgba(0, 0, 0, 0);\">N\u00f6dv\u00e4rnsr\u00e4tten, socialtj\u00e4nstrollen, revir, placering, attityd, och kolleger.\u00a0Tekniktr\u00e4ning i sj\u00e4lvf\u00f6rsvar d\u00e4r sj\u00e4lvf\u00f6rsvarsteknikerna \u00e4r utvalda och anpassade efter socialtj\u00e4nstens uppdrag, roll, etik och lagar. Personalen l\u00e4r sig frig\u00f6rningstekniker och blockeringar som inte trappar upp v\u00e5ldet.<\/mark><\/li>\r\n<li><mark class=\"has-inline-color has-very-dark-gray-color\" style=\"background-color: rgba(0, 0, 0, 0);\">\u00c5tg\u00e4rder efter v\u00e5ld och hot. Omedelbara \u00e5tg\u00e4rder p\u00e5 tillbudsplatsen, krisf\u00f6rlopp, psykologisk debriefing, eftersnack och kamratst\u00f6d, polisanm\u00e4lan, st\u00f6d genom r\u00e4ttsproceduren, rapportskrivning och teknisk utv\u00e4rdering.<\/mark><\/li>\r\n<\/ul>\r\n\r\n\r\n\r\n<h4 class=\"wp-block-heading\"><strong>Gruppstorlek<\/strong><\/h4>\r\n\r\n\r\n\r\n<p class=\"has-very-dark-gray-color has-text-color\">Beroende p\u00e5 hur m\u00e5nga medarbetare det finns p\u00e5 arbetsplatsen f\u00e5r vi tillsammans best\u00e4mma l\u00e4mplig gruppstorlek. Ju f\u00e4rre deltagare ju b\u00e4ttre diskussioner och utveckling.<\/p>\r\n\r\n\r\n\r\n<h4 class=\"wp-block-heading\">Lokal och teknik<\/h4>\r\n\r\n\r\n\r\n<p class=\"has-very-dark-gray-color has-text-color\">K\u00f6paren bjuder in deltagarna och tillhandah\u00e5ller lokal. Lokalen \u00e4r utrustad med direkt k\u00f6rbart headset med ljudanl\u00e4ggning om lokalen kr\u00e4ver detta, projektorduk, IT-projektor\/datakanon och anslutningar f\u00f6r f\u00f6rel\u00e4sarens b\u00e4rbara dator. Efter \u00f6verenskommelse kan f\u00f6rel\u00e4saren ta med sig egen IT-projektor\/datakanon.<\/p>\r\n\r\n\r\n\r\n<h4 class=\"wp-block-heading\">Pris<\/h4>\r\n\r\n\r\n\r\n<p class=\"has-very-dark-gray-color has-text-color\">Priset \u00e4r f\u00f6r utbildningen \u00e4r 12 000 kr. Tillkommer kostnad f\u00f6r resa Varberg \u2013 utbildningsorten t. o. r och logi natt till utbildningsdag.\u00a0Moms tillkommer.<\/p>\r\n\r\n\r\n\r\n<h4 class=\"wp-block-heading\"><strong>Halvdagsutbildning<\/strong><\/h4>\r\n\r\n\r\n\r\n<p class=\"has-very-dark-gray-color has-text-color\">Beroende p\u00e5 sv\u00e5righet med vikariet\u00e4ckning etc kan en halv dags utbildning vara att f\u00f6redra. Programmet kortas, samtidigt som de viktigaste momenten fr\u00e5n heldagen finns kvar. Utbildningen blir i detta fallet mer av f\u00f6rel\u00e4sningskarakt\u00e4r. Priset blir d\u00e5 6 000 kr per halvdag.\u00a0Tillkommer kostnad f\u00f6r resa Varberg \u2013 utbildningsorten t. o. r och logi natt till utbildningsdag. Moms tillkommer.<\/p>\r\n\r\n\r\n\r\n<figure class=\"wp-block-image size-large\"><img decoding=\"async\" loading=\"lazy\" width=\"1024\" height=\"888\" class=\"wp-image-101\" src=\"https:\/\/irekvist.nu\/wp\/wp-content\/uploads\/2020\/07\/ronny-f\u00f6rel\u00e4sare-1-1024x888.jpg\" alt=\"\" srcset=\"https:\/\/irekvist.nu\/wp\/wp-content\/uploads\/2020\/07\/ronny-f\u00f6rel\u00e4sare-1-1024x888.jpg 1024w, https:\/\/irekvist.nu\/wp\/wp-content\/uploads\/2020\/07\/ronny-f\u00f6rel\u00e4sare-1-300x260.jpg 300w, https:\/\/irekvist.nu\/wp\/wp-content\/uploads\/2020\/07\/ronny-f\u00f6rel\u00e4sare-1-768x666.jpg 768w, https:\/\/irekvist.nu\/wp\/wp-content\/uploads\/2020\/07\/ronny-f\u00f6rel\u00e4sare-1-1536x1332.jpg 1536w, https:\/\/irekvist.nu\/wp\/wp-content\/uploads\/2020\/07\/ronny-f\u00f6rel\u00e4sare-1-2048x1776.jpg 2048w, https:\/\/irekvist.nu\/wp\/wp-content\/uploads\/2020\/07\/ronny-f\u00f6rel\u00e4sare-1-346x300.jpg 346w\" sizes=\"(max-width: 1024px) 100vw, 1024px\" \/><\/figure>\r\n","protected":false},"excerpt":{"rendered":"<p>Detta \u00e4r utbildningen d\u00e4r bra bem\u00f6tande och s\u00e4kerhet m\u00f6ts. Utbildningen \u00e4r m\u00e5lgruppsanpassad och har getts f\u00f6r arbetsmarknadsverksamhet, grundskola, gymnasieskola, hem f\u00f6r v\u00e5rd eller boende, flyktingmottagande, individ- och familjeomsorg, kultur- och fritid, kyrklig verksamhet, omsorger om funktionshindrade, milj\u00f6- och h\u00e4lsa, politiker, tekniska f\u00f6rvaltningar, vuxenutbildning, v\u00e5rd och omsorg. Inneh\u00e5ll f\u00f6r en heldag \u00c5tg\u00e4rder f\u00f6re v\u00e5ld och hot. [&hellip;]<\/p>\n","protected":false},"author":1,"featured_media":0,"parent":0,"menu_order":0,"comment_status":"closed","ping_status":"closed","template":"","meta":[],"_links":{"self":[{"href":"https:\/\/irekvist.nu\/wp\/index.php?rest_route=\/wp\/v2\/pages\/13"}],"collection":[{"href":"https:\/\/irekvist.nu\/wp\/index.php?rest_route=\/wp\/v2\/pages"}],"about":[{"href":"https:\/\/irekvist.nu\/wp\/index.php?rest_route=\/wp\/v2\/types\/page"}],"author":[{"embeddable":true,"href":"https:\/\/irekvist.nu\/wp\/index.php?rest_route=\/wp\/v2\/users\/1"}],"replies":[{"embeddable":true,"href":"https:\/\/irekvist.nu\/wp\/index.php?rest_route=%2Fwp%2Fv2%2Fcomments&post=13"}],"version-history":[{"count":13,"href":"https:\/\/irekvist.nu\/wp\/index.php?rest_route=\/wp\/v2\/pages\/13\/revisions"}],"predecessor-version":[{"id":253,"href":"https:\/\/irekvist.nu\/wp\/index.php?rest_route=\/wp\/v2\/pages\/13\/revisions\/253"}],"wp:attachment":[{"href":"https:\/\/irekvist.nu\/wp\/index.php?rest_route=%2Fwp%2Fv2%2Fmedia&parent=13"}],"curies":[{"name":"wp","href":"https:\/\/api.w.org\/{rel}","templated":true}]}}